{"id":9,"date":"2022-11-30T15:32:25","date_gmt":"2022-11-30T14:32:25","guid":{"rendered":"http:\/\/wimed.info\/beta3\/?page_id=9"},"modified":"2024-01-18T12:33:23","modified_gmt":"2024-01-18T11:33:23","slug":"strona-glowna","status":"publish","type":"page","link":"http:\/\/wimed.info\/beta3\/","title":{"rendered":"Strona g\u0142\u00f3wna"},"content":{"rendered":"\n<p>Niepubliczny Zak\u0142ad Opieki Zdrowotnej WIMED w Lipnie jest plac\u00f3wk\u0105 medyczn\u0105, dzia\u0142aj\u0105c\u0105 na terenie powiatu lipnowskiego, udzielaj\u0105c\u0105 \u015bwiadcze\u0144 medycznych dla pacjent\u00f3w wymagaj\u0105cych profilaktyki, diagnostyki, leczenia, rehabilitacji i opieki. <br>Maj\u0105c na wzgl\u0119dzie dobro i wygod\u0119 naszych pacjent\u00f3w inwestujemy w nowy sprz\u0119t i rozszerzamy wachlarz \u015bwiadczonych przez nas us\u0142ug. Stale podnosimy kwalifikacje lekarzy i piel\u0119gniarek. <br>\u015awiadczymy us\u0142ugi w zakresie podstawowej opieki zdrowotnej, ambulatoryjnej opieki specjalistycznej, rehabilitacji, \u015bwiadczenia w zak\u0142adzie opieku\u0144czo leczniczym, oddziale medycyny paliatywnej, domu pomocy spo\u0142ecznej. Zapewniamy na miejscu dost\u0119p do diagnostyki radiologicznej, laboratoryjnej, USG, EKG, spirometrii, diagnostyki kardiologicznej.<\/p>\n\n\n\n<p>W plac\u00f3wkach w Lipnie i w Sk\u0119pem dzia\u0142aj\u0105 bardzo dobrze zaopatrzone apteki, oferuj\u0105c pe\u0142en asortyment lek\u00f3w, suplement\u00f3w diety oraz innych preparat\u00f3w medycznych i zaopatrzenia w materia\u0142y ch\u0142onne typu pieluchomajtki, podk\u0142ady, itp.<\/p>\n\n\n\n<p>Realizuje tak\u017ce<a href=\"http:\/\/wimed.info\/beta3\/projekty-unijne\/\" data-type=\"link\" data-id=\"http:\/\/wimed.info\/beta3\/projekty-unijne\/\"> projekty Unijne<\/a> <\/p>\n\n\n\n<figure class=\"wp-block-image size-full\"><a href=\"http:\/\/wimed.info\/beta3\/projekty-unijne\/\"><img loading=\"lazy\" decoding=\"async\" width=\"240\" height=\"160\" src=\"http:\/\/wimed.info\/beta3\/wp-content\/uploads\/2024\/01\/Flag_of_Europe.svg_.png\" alt=\"\" class=\"wp-image-519\" srcset=\"http:\/\/wimed.info\/beta3\/wp-content\/uploads\/2024\/01\/Flag_of_Europe.svg_.png 240w, http:\/\/wimed.info\/beta3\/wp-content\/uploads\/2024\/01\/Flag_of_Europe.svg_-90x60.png 90w\" sizes=\"auto, (max-width: 240px) 100vw, 240px\" \/><\/a><\/figure>\n","protected":false},"excerpt":{"rendered":"<p>Niepubliczny Zak\u0142ad Opieki Zdrowotnej WIMED w Lipnie jest plac\u00f3wk\u0105 medyczn\u0105, dzia\u0142aj\u0105c\u0105 na terenie powiatu lipnowskiego, udzielaj\u0105c\u0105 \u015bwiadcze\u0144 medycznych dla pacjent\u00f3w wymagaj\u0105cych profilaktyki, diagnostyki, leczenia, rehabilitacji i opieki. Maj\u0105c na wzgl\u0119dzie dobro i wygod\u0119 naszych pacjent\u00f3w inwestujemy w nowy sprz\u0119t i rozszerzamy wachlarz \u015bwiadczonych przez nas us\u0142ug. Stale podnosimy kwalifikacje lekarzy i piel\u0119gniarek. \u015awiadczymy us\u0142ugi w &hellip; <\/p>\n","protected":false},"author":1,"featured_media":0,"parent":0,"menu_order":-1,"comment_status":"closed","ping_status":"closed","template":"","meta":{"footnotes":""},"class_list":["post-9","page","type-page","status-publish","hentry"],"_links":{"self":[{"href":"http:\/\/wimed.info\/beta3\/wp-json\/wp\/v2\/pages\/9","targetHints":{"allow":["GET"]}}],"collection":[{"href":"http:\/\/wimed.info\/beta3\/wp-json\/wp\/v2\/pages"}],"about":[{"href":"http:\/\/wimed.info\/beta3\/wp-json\/wp\/v2\/types\/page"}],"author":[{"embeddable":true,"href":"http:\/\/wimed.info\/beta3\/wp-json\/wp\/v2\/users\/1"}],"replies":[{"embeddable":true,"href":"http:\/\/wimed.info\/beta3\/wp-json\/wp\/v2\/comments?post=9"}],"version-history":[{"count":4,"href":"http:\/\/wimed.info\/beta3\/wp-json\/wp\/v2\/pages\/9\/revisions"}],"predecessor-version":[{"id":521,"href":"http:\/\/wimed.info\/beta3\/wp-json\/wp\/v2\/pages\/9\/revisions\/521"}],"wp:attachment":[{"href":"http:\/\/wimed.info\/beta3\/wp-json\/wp\/v2\/media?parent=9"}],"curies":[{"name":"wp","href":"https:\/\/api.w.org\/{rel}","templated":true}]}}