{"id":388,"date":"2022-12-13T13:14:25","date_gmt":"2022-12-13T12:14:25","guid":{"rendered":"http:\/\/wimed.info\/beta3\/?page_id=388"},"modified":"2023-10-26T13:44:29","modified_gmt":"2023-10-26T11:44:29","slug":"wspolpraca","status":"publish","type":"page","link":"http:\/\/wimed.info\/beta3\/wspolpraca\/","title":{"rendered":"Wsp\u00f3\u0142praca"},"content":{"rendered":"\n<p><\/p>\n\n\n\n<ul class=\"wp-block-list\">\n<li>Badania laboratoryjne dla naszej plac\u00f3wki wykonuje laboratorium VITALABO sp. z o.o.<br><a rel=\"noreferrer noopener\" href=\"http:\/\/vitalabo.com.pl\" data-type=\"URL\" data-id=\"vitalabo.com.pl\" target=\"_blank\">vitalabo.com.pl<\/a><\/li>\n<\/ul>\n\n\n\n<ul class=\"wp-block-list\">\n<li>Badanie USG tarczycy, biopsja &#8211; Zesp\u00f3\u0142 Przychodni Specjalistycznych we W\u0142oc\u0142awku<br><a rel=\"noreferrer noopener\" href=\"http:\/\/www.spzps.wloclawek.pl\/\" target=\"_blank\">http:\/\/www.spzps.wloclawek.pl\/<\/a><\/li>\n<\/ul>\n\n\n\n<p>Natomiast nasza plac\u00f3wka wykonuje badania USG oraz zdj\u0119cia RTG dla:<\/p>\n\n\n\n<p>NZOZ SALUS<br>NZOZ ARSMED<br>NZOZ M\u00d3J LEKARZ<br>NZOZ NA Z\u0141OTEJ G\u00d3RCE<br>NZOZ MEDYK<br>NZOZ BARSKA<br>NZOZ MEDICO PLUS<br>Niepubliczny Zak\u0142ad Piel\u0119gnacyjno Opieku\u0144czy<\/p>\n\n\n\n<p><\/p>\n","protected":false},"excerpt":{"rendered":"<p>Natomiast nasza plac\u00f3wka wykonuje badania USG oraz zdj\u0119cia RTG dla: NZOZ SALUSNZOZ ARSMEDNZOZ M\u00d3J LEKARZNZOZ NA Z\u0141OTEJ G\u00d3RCENZOZ MEDYKNZOZ BARSKANZOZ MEDICO PLUSNiepubliczny Zak\u0142ad Piel\u0119gnacyjno Opieku\u0144czy<\/p>\n","protected":false},"author":1,"featured_media":0,"parent":0,"menu_order":0,"comment_status":"closed","ping_status":"closed","template":"","meta":{"footnotes":""},"class_list":["post-388","page","type-page","status-publish","hentry"],"_links":{"self":[{"href":"http:\/\/wimed.info\/beta3\/wp-json\/wp\/v2\/pages\/388","targetHints":{"allow":["GET"]}}],"collection":[{"href":"http:\/\/wimed.info\/beta3\/wp-json\/wp\/v2\/pages"}],"about":[{"href":"http:\/\/wimed.info\/beta3\/wp-json\/wp\/v2\/types\/page"}],"author":[{"embeddable":true,"href":"http:\/\/wimed.info\/beta3\/wp-json\/wp\/v2\/users\/1"}],"replies":[{"embeddable":true,"href":"http:\/\/wimed.info\/beta3\/wp-json\/wp\/v2\/comments?post=388"}],"version-history":[{"count":2,"href":"http:\/\/wimed.info\/beta3\/wp-json\/wp\/v2\/pages\/388\/revisions"}],"predecessor-version":[{"id":482,"href":"http:\/\/wimed.info\/beta3\/wp-json\/wp\/v2\/pages\/388\/revisions\/482"}],"wp:attachment":[{"href":"http:\/\/wimed.info\/beta3\/wp-json\/wp\/v2\/media?parent=388"}],"curies":[{"name":"wp","href":"https:\/\/api.w.org\/{rel}","templated":true}]}}