{"id":372,"date":"2022-12-13T12:51:43","date_gmt":"2022-12-13T11:51:43","guid":{"rendered":"http:\/\/wimed.info\/beta3\/?page_id=372"},"modified":"2022-12-13T12:51:43","modified_gmt":"2022-12-13T11:51:43","slug":"ochrona-danych-osobowych","status":"publish","type":"page","link":"http:\/\/wimed.info\/beta3\/ochrona-danych-osobowych\/","title":{"rendered":"Ochrona danych osobowych"},"content":{"rendered":"\n<p>INFORMACJA SKIEROWANA DO OS\u00d3B, KT\u00d3RYCH DANE OSOBOWE S\u0104 PRZETWARZANE W ZWI\u0104ZKU Z KORZYSTANIEM Z \u015aWIADCZE\u0143 MEDYCZNYCH.<\/p>\n\n\n\n<p>Zgodnie z art. 13 og\u00f3lnego rozporz\u0105dzenia o ochronie danych osobowych z dnia 27 kwietnia 2016 r. (Dz. Urz. UE L 119 z 04.05.2016) informuj\u0119, i\u017c:<\/p>\n\n\n\n<p>1) Administratorem Pani\/Pana danych osobowych jest: Niepubliczny Zak\u0142ad Opieki Zdrowotnej WIMED, ul. D\u0119bowa 21, 87-600 Lipno.<\/p>\n\n\n\n<p>2) W sprawach zwi\u0105zanych z przetwarzaniem danych osobowych mo\u017ce Pani\/Pan kontaktowa\u0107 si\u0119 z Inspektorem Ochrony Danych dost\u0119pnym pod adresem mailowym email: iod@wimed.info i\/lub telefonem.<\/p>\n\n\n\n<p>2) Pani\/Pana dane osobowe przetwarzane b\u0119d\u0105 w celu \u015bwiadczenia us\u0142ug<\/p>\n\n\n\n<p>medycznych \u2013 na podstawie Art. 6 ust. 1 lit. c og\u00f3lnego rozporz\u0105dzenia o ochronie danych osobowych z dnia 27 kwietnia 2016 r. oraz na podstawie Art. 9 ust.1 lit. h og\u00f3lnego rozporz\u0105dzenia o ochronie danych osobowych z dnia 27 kwietnia 2016 r<\/p>\n\n\n\n<p>3) odbiorcami Pani\/Pana danych osobowych b\u0119d\u0105 wy\u0142\u0105cznie podmioty uprawnione do uzyskania danych osobowych na podstawie przepis\u00f3w prawa, laboratoria analityczne, inne podmioty lecznicze wsp\u00f3\u0142pracuj\u0105ce z nami w celu realizacji us\u0142ug medycznych oraz osoby upowa\u017cnione przez Pacjenta.<\/p>\n\n\n\n<p>4) Pani\/Pana dane osobowe przechowywane b\u0119d\u0105 przez czas okre\u015blony w art. 29 ust. 1 u.p.p. tj. przez okres 20 lat, licz\u0105c od ko\u0144ca roku kalendarzowego, w kt\u00f3rym dokonano ostatniego wpisu w dokumentacji medycznej pacjenta, z wyj\u0105tkiem danych osobowych zawartych w:<\/p>\n\n\n\n<p>a) dokumentacji medycznej w przypadku zgonu pacjenta na skutek uszkodzenia cia\u0142a lub zatrucia, kt\u00f3re s\u0105 przechowywane przez okres 30 lat, licz\u0105c od ko\u0144ca roku kalendarzowego, w kt\u00f3rym nast\u0105pi\u0142 zgon;<\/p>\n\n\n\n<p>b) dokumentacji medycznej zawieraj\u0105cej dane niezb\u0119dne do monitorowania los\u00f3w krwi i jej sk\u0142adnik\u00f3w, kt\u00f3re s\u0105 przechowywane przez okres 30 lat, licz\u0105c od ko\u0144ca roku kalendarzowego, w kt\u00f3rym dokonano ostatniego wpisu;<\/p>\n\n\n\n<p>c) zdj\u0119ciach rentgenowskich przechowywanych poza dokumentacj\u0105 medyczn\u0105 pacjenta, kt\u00f3re s\u0105 przechowywane przez okres 10 lat, licz\u0105c od ko\u0144ca roku kalendarzowego, w kt\u00f3rym wykonano zdj\u0119cie;<\/p>\n\n\n\n<p>d) skierowaniach na badania lub zleceniach lekarza, kt\u00f3re s\u0105 przechowywane przez okres:<\/p>\n\n\n\n<ul class=\"wp-block-list\">\n<li>5 lat, licz\u0105c od ko\u0144ca roku kalendarzowego, w kt\u00f3rym udzielono \u015bwiadczenia zdrowotnego b\u0119d\u0105cego przedmiotem skierowania lub zlecenia lekarza,<\/li>\n\n\n\n<li>2 lat, licz\u0105c od ko\u0144ca roku kalendarzowego, w kt\u00f3rym wystawiono skierowanie, w przypadku gdy \u015bwiadczenie zdrowotne nie zosta\u0142o udzielone z powodu niezg\u0142oszenia si\u0119 pacjenta w ustalonym terminie, chyba \u017ce pacjent odebra\u0142 skierowanie;<\/li>\n<\/ul>\n\n\n\n<p>e) dokumentacji medycznej dotycz\u0105cej dzieci do uko\u0144czenia 2. roku \u017cycia, kt\u00f3ra jest przechowywana przez okres 22 lat.<\/p>\n\n\n\n<p>5) posiada Pani\/Pan prawo do \u017c\u0105dania od administratora dost\u0119pu do danych osobowych, ich sprostowania.<\/p>\n\n\n\n<p>6) ma Pani\/Pan prawo wniesienia skargi do organu nadzorczego (Prezes Urz\u0119du Ochrony Danych Osobowych<\/p>\n\n\n\n<p>7) podanie danych osobowych jest obligatoryjne na mocy przepisu prawa. Wykonanie \u015bwiadczenia zdrowotnego zgodnie z przepisami prawa mo\u017ce by\u0107 realizowane po uzyskaniu informacji dotycz\u0105cej danych osobowych.<\/p>\n\n\n\n<p>8) nie stosuje si\u0119 zautomatyzowanego podejmowania decyzji w zakresie przetwarzania danych osobowych.<\/p>\n","protected":false},"excerpt":{"rendered":"<p>INFORMACJA SKIEROWANA DO OS\u00d3B, KT\u00d3RYCH DANE OSOBOWE S\u0104 PRZETWARZANE W ZWI\u0104ZKU Z KORZYSTANIEM Z \u015aWIADCZE\u0143 MEDYCZNYCH. Zgodnie z art. 13 og\u00f3lnego rozporz\u0105dzenia o ochronie danych osobowych z dnia 27 kwietnia 2016 r. (Dz. Urz. UE L 119 z 04.05.2016) informuj\u0119, i\u017c: 1) Administratorem Pani\/Pana danych osobowych jest: Niepubliczny Zak\u0142ad Opieki Zdrowotnej WIMED, ul. D\u0119bowa 21, &hellip; <\/p>\n","protected":false},"author":1,"featured_media":0,"parent":0,"menu_order":0,"comment_status":"closed","ping_status":"closed","template":"","meta":{"footnotes":""},"class_list":["post-372","page","type-page","status-publish","hentry"],"_links":{"self":[{"href":"http:\/\/wimed.info\/beta3\/wp-json\/wp\/v2\/pages\/372","targetHints":{"allow":["GET"]}}],"collection":[{"href":"http:\/\/wimed.info\/beta3\/wp-json\/wp\/v2\/pages"}],"about":[{"href":"http:\/\/wimed.info\/beta3\/wp-json\/wp\/v2\/types\/page"}],"author":[{"embeddable":true,"href":"http:\/\/wimed.info\/beta3\/wp-json\/wp\/v2\/users\/1"}],"replies":[{"embeddable":true,"href":"http:\/\/wimed.info\/beta3\/wp-json\/wp\/v2\/comments?post=372"}],"version-history":[{"count":1,"href":"http:\/\/wimed.info\/beta3\/wp-json\/wp\/v2\/pages\/372\/revisions"}],"predecessor-version":[{"id":373,"href":"http:\/\/wimed.info\/beta3\/wp-json\/wp\/v2\/pages\/372\/revisions\/373"}],"wp:attachment":[{"href":"http:\/\/wimed.info\/beta3\/wp-json\/wp\/v2\/media?parent=372"}],"curies":[{"name":"wp","href":"https:\/\/api.w.org\/{rel}","templated":true}]}}