{"id":341,"date":"2022-12-13T11:55:38","date_gmt":"2022-12-13T10:55:38","guid":{"rendered":"http:\/\/wimed.info\/beta3\/?page_id=341"},"modified":"2022-12-13T11:55:38","modified_gmt":"2022-12-13T10:55:38","slug":"o-osrodku","status":"publish","type":"page","link":"http:\/\/wimed.info\/beta3\/o-osrodku\/","title":{"rendered":"O o\u015brodku"},"content":{"rendered":"\n<p>Na terenie o\u015brodka znajduje si\u0119 dwuhektarowy, cz\u0119\u015bciowo zalesiony ogr\u00f3d, zarybiony staw, wybieg dla koni, plac zabaw dla dzieci, fontanna, altana z miejscem do grillowania i ognisko, du\u017cy bezp\u0142atny parking. Teren jest ogrodzony. <\/p>\n\n\n\n<p>Naszymi pacjentami s\u0105 g\u0142\u00f3wnie dzieci i m\u0142odzie\u017c wymagaj\u0105ca rehabilitacji ze wzgl\u0119du na dysfunkcje uk\u0142adu nerwowego, stany pourazowe, schorzenia genetyczne, metaboliczne, autyzm, wady postawy, wszelkie stany pourazowe.<\/p>\n\n\n\n<p>W obiekcie znajduje si\u0119 sala kinezyterapii, gabinety terapeutyczne w tym sala Integracji Sensorycznej, Sala Do\u015bwiadczania \u015awiata, sale terapii: pedagogicznej, neurologopedycznej,terapii r\u0119ki, masa\u017cu oraz gabinety: lekarski, zabiegowy i dietetyka.<\/p>\n\n\n\n<p>Cz\u0119\u015b\u0107 hotelowa to 27 przestronnych, widnych pokoi zlokalizowanych na 2 pi\u0119trach. W ka\u017cdym pokoju znajduje si\u0119 \u0142azienka z udogodnieniami dla os\u00f3b niepe\u0142nosprawnych. \u0141\u00f3\u017cka posiadaj\u0105 materace przeciwodle\u017cynowe i po\u015bciel antyalergiczn\u0105. W ka\u017cdym pokoju znajduje si\u0119 telewizor i dost\u0119p do bezprzewodowego Internetu. Na ka\u017cdym pi\u0119trze do dyspozycji go\u015bci znajduje si\u0119 lod\u00f3wka, kuchenka mikrofalowa i czajnik bezprzewodowy. Dodatkowo, bezp\u0142atnie udost\u0119pniamy: pralk\u0119, \u017celazko, desk\u0119 do prasowania, suszarki do w\u0142os\u00f3w, \u0142\u00f3\u017ceczko oraz wanienk\u0119 dla ma\u0142ych dzieci.<\/p>\n","protected":false},"excerpt":{"rendered":"<p>Na terenie o\u015brodka znajduje si\u0119 dwuhektarowy, cz\u0119\u015bciowo zalesiony ogr\u00f3d, zarybiony staw, wybieg dla koni, plac zabaw dla dzieci, fontanna, altana z miejscem do grillowania i ognisko, du\u017cy bezp\u0142atny parking. Teren jest ogrodzony. Naszymi pacjentami s\u0105 g\u0142\u00f3wnie dzieci i m\u0142odzie\u017c wymagaj\u0105ca rehabilitacji ze wzgl\u0119du na dysfunkcje uk\u0142adu nerwowego, stany pourazowe, schorzenia genetyczne, metaboliczne, autyzm, wady postawy, &hellip; <\/p>\n","protected":false},"author":1,"featured_media":0,"parent":0,"menu_order":0,"comment_status":"closed","ping_status":"closed","template":"","meta":{"footnotes":""},"class_list":["post-341","page","type-page","status-publish","hentry"],"_links":{"self":[{"href":"http:\/\/wimed.info\/beta3\/wp-json\/wp\/v2\/pages\/341","targetHints":{"allow":["GET"]}}],"collection":[{"href":"http:\/\/wimed.info\/beta3\/wp-json\/wp\/v2\/pages"}],"about":[{"href":"http:\/\/wimed.info\/beta3\/wp-json\/wp\/v2\/types\/page"}],"author":[{"embeddable":true,"href":"http:\/\/wimed.info\/beta3\/wp-json\/wp\/v2\/users\/1"}],"replies":[{"embeddable":true,"href":"http:\/\/wimed.info\/beta3\/wp-json\/wp\/v2\/comments?post=341"}],"version-history":[{"count":1,"href":"http:\/\/wimed.info\/beta3\/wp-json\/wp\/v2\/pages\/341\/revisions"}],"predecessor-version":[{"id":342,"href":"http:\/\/wimed.info\/beta3\/wp-json\/wp\/v2\/pages\/341\/revisions\/342"}],"wp:attachment":[{"href":"http:\/\/wimed.info\/beta3\/wp-json\/wp\/v2\/media?parent=341"}],"curies":[{"name":"wp","href":"https:\/\/api.w.org\/{rel}","templated":true}]}}