{"id":214,"date":"2022-12-09T14:27:33","date_gmt":"2022-12-09T13:27:33","guid":{"rendered":"http:\/\/wimed.info\/beta3\/?page_id=214"},"modified":"2022-12-13T08:51:39","modified_gmt":"2022-12-13T07:51:39","slug":"pracownia-radiologiczna","status":"publish","type":"page","link":"http:\/\/wimed.info\/beta3\/pracownia-radiologiczna\/","title":{"rendered":"Pracownia radiologiczna"},"content":{"rendered":"\n<p>Pracownia posiada nowoczesny cyfrowy aparat radiologiczny. Zastosowana technologia zapewnia znaczn\u0105 popraw\u0119 jako\u015bci i czytelno\u015bci wykonywanych zdj\u0119\u0107 oraz istotnie obni\u017ca poziom promieniowania, na kt\u00f3re nara\u017ceni s\u0105 pacjenci.<br>Badania wykonywane s\u0105 na podstawie skierowania od lekarza oraz odp\u0142atnie na \u017cyczenie pacjenta.<\/p>\n\n\n\n<div class=\"wp-block-columns is-layout-flex wp-container-core-columns-is-layout-9d6595d7 wp-block-columns-is-layout-flex\">\n<div class=\"wp-block-column is-layout-flow wp-block-column-is-layout-flow\">\n<figure class=\"wp-block-image size-full\"><img loading=\"lazy\" decoding=\"async\" width=\"480\" height=\"360\" src=\"http:\/\/wimed.info\/beta3\/wp-content\/uploads\/2022\/12\/rtg01-1.jpg\" alt=\"\" class=\"wp-image-275\" srcset=\"http:\/\/wimed.info\/beta3\/wp-content\/uploads\/2022\/12\/rtg01-1.jpg 480w, http:\/\/wimed.info\/beta3\/wp-content\/uploads\/2022\/12\/rtg01-1-300x225.jpg 300w, http:\/\/wimed.info\/beta3\/wp-content\/uploads\/2022\/12\/rtg01-1-80x60.jpg 80w\" sizes=\"auto, (max-width: 480px) 100vw, 480px\" \/><\/figure>\n<\/div>\n\n\n\n<div class=\"wp-block-column is-layout-flow wp-block-column-is-layout-flow\">\n<figure class=\"wp-block-image size-full\"><img loading=\"lazy\" decoding=\"async\" width=\"480\" height=\"360\" src=\"http:\/\/wimed.info\/beta3\/wp-content\/uploads\/2022\/12\/rtg02.jpg\" alt=\"\" class=\"wp-image-276\" srcset=\"http:\/\/wimed.info\/beta3\/wp-content\/uploads\/2022\/12\/rtg02.jpg 480w, http:\/\/wimed.info\/beta3\/wp-content\/uploads\/2022\/12\/rtg02-300x225.jpg 300w, http:\/\/wimed.info\/beta3\/wp-content\/uploads\/2022\/12\/rtg02-80x60.jpg 80w\" sizes=\"auto, (max-width: 480px) 100vw, 480px\" \/><\/figure>\n<\/div>\n\n\n\n<div class=\"wp-block-column is-layout-flow wp-block-column-is-layout-flow\">\n<figure class=\"wp-block-image size-full\"><img loading=\"lazy\" decoding=\"async\" width=\"480\" height=\"360\" src=\"http:\/\/wimed.info\/beta3\/wp-content\/uploads\/2022\/12\/rtg03.jpg\" alt=\"\" class=\"wp-image-277\" srcset=\"http:\/\/wimed.info\/beta3\/wp-content\/uploads\/2022\/12\/rtg03.jpg 480w, http:\/\/wimed.info\/beta3\/wp-content\/uploads\/2022\/12\/rtg03-300x225.jpg 300w, http:\/\/wimed.info\/beta3\/wp-content\/uploads\/2022\/12\/rtg03-80x60.jpg 80w\" sizes=\"auto, (max-width: 480px) 100vw, 480px\" \/><\/figure>\n<\/div>\n<\/div>\n","protected":false},"excerpt":{"rendered":"<p>Pracownia posiada nowoczesny cyfrowy aparat radiologiczny. Zastosowana technologia zapewnia znaczn\u0105 popraw\u0119 jako\u015bci i czytelno\u015bci wykonywanych zdj\u0119\u0107 oraz istotnie obni\u017ca poziom promieniowania, na kt\u00f3re nara\u017ceni s\u0105 pacjenci.Badania wykonywane s\u0105 na podstawie skierowania od lekarza oraz odp\u0142atnie na \u017cyczenie pacjenta.<\/p>\n","protected":false},"author":1,"featured_media":0,"parent":0,"menu_order":0,"comment_status":"closed","ping_status":"closed","template":"","meta":{"footnotes":""},"class_list":["post-214","page","type-page","status-publish","hentry"],"_links":{"self":[{"href":"http:\/\/wimed.info\/beta3\/wp-json\/wp\/v2\/pages\/214","targetHints":{"allow":["GET"]}}],"collection":[{"href":"http:\/\/wimed.info\/beta3\/wp-json\/wp\/v2\/pages"}],"about":[{"href":"http:\/\/wimed.info\/beta3\/wp-json\/wp\/v2\/types\/page"}],"author":[{"embeddable":true,"href":"http:\/\/wimed.info\/beta3\/wp-json\/wp\/v2\/users\/1"}],"replies":[{"embeddable":true,"href":"http:\/\/wimed.info\/beta3\/wp-json\/wp\/v2\/comments?post=214"}],"version-history":[{"count":2,"href":"http:\/\/wimed.info\/beta3\/wp-json\/wp\/v2\/pages\/214\/revisions"}],"predecessor-version":[{"id":278,"href":"http:\/\/wimed.info\/beta3\/wp-json\/wp\/v2\/pages\/214\/revisions\/278"}],"wp:attachment":[{"href":"http:\/\/wimed.info\/beta3\/wp-json\/wp\/v2\/media?parent=214"}],"curies":[{"name":"wp","href":"https:\/\/api.w.org\/{rel}","templated":true}]}}