{"id":17,"date":"2022-11-30T15:32:25","date_gmt":"2022-11-30T14:32:25","guid":{"rendered":"http:\/\/wimed.info\/beta3\/?page_id=17"},"modified":"2025-03-25T14:01:13","modified_gmt":"2025-03-25T13:01:13","slug":"dom-skepe","status":"publish","type":"page","link":"http:\/\/wimed.info\/beta3\/dom-skepe\/","title":{"rendered":"Dom Spokojnej Staro\u015bci"},"content":{"rendered":"\n<p>Informacje na temat przyj\u0119\u0107 mo\u017cna uzyska\u0107 pod nr telefonu 605 720 806, lub w siedzibie o\u015brodka, ul. Warszawska 2, 87-630 Sk\u0119pe<\/p>\n\n\n\n<p>Dom Spokojnej Staro\u015bci idealne miejsce dla senior\u00f3w!<\/p>\n\n\n\n<figure class=\"wp-block-image size-large\"><img loading=\"lazy\" decoding=\"async\" width=\"1024\" height=\"769\" src=\"http:\/\/wimed.info\/beta3\/wp-content\/uploads\/2023\/04\/1678956539429-1024x769.jpg\" alt=\"\" class=\"wp-image-436\" srcset=\"http:\/\/wimed.info\/beta3\/wp-content\/uploads\/2023\/04\/1678956539429-1024x769.jpg 1024w, http:\/\/wimed.info\/beta3\/wp-content\/uploads\/2023\/04\/1678956539429-300x225.jpg 300w, http:\/\/wimed.info\/beta3\/wp-content\/uploads\/2023\/04\/1678956539429-768x577.jpg 768w, http:\/\/wimed.info\/beta3\/wp-content\/uploads\/2023\/04\/1678956539429-1536x1153.jpg 1536w, http:\/\/wimed.info\/beta3\/wp-content\/uploads\/2023\/04\/1678956539429-2048x1538.jpg 2048w, http:\/\/wimed.info\/beta3\/wp-content\/uploads\/2023\/04\/1678956539429-80x60.jpg 80w\" sizes=\"auto, (max-width: 1024px) 100vw, 1024px\" \/><\/figure>\n\n\n\n<p>Zapraszamy do naszego ca\u0142odobowego domu spokojnej staro\u015bci, kt\u00f3ry zosta\u0142 stworzony z my\u015bl\u0105 o&nbsp;zapewnieniu bezpiecze\u0144stwa i komfortu seniorom. Nasza plac\u00f3wka oferuje wiele&nbsp;<br>udogodnie\u0144, kt\u00f3re pozwol\u0105 Ci cieszy\u0107 si\u0119 spokojnym i pe\u0142nym \u017cycia pobytem u nas.<\/p>\n\n\n\n<figure class=\"wp-block-image size-large\"><img loading=\"lazy\" decoding=\"async\" width=\"1024\" height=\"683\" src=\"http:\/\/wimed.info\/beta3\/wp-content\/uploads\/2023\/04\/DSC_3737-1024x683.jpg\" alt=\"\" class=\"wp-image-439\" srcset=\"http:\/\/wimed.info\/beta3\/wp-content\/uploads\/2023\/04\/DSC_3737-1024x683.jpg 1024w, http:\/\/wimed.info\/beta3\/wp-content\/uploads\/2023\/04\/DSC_3737-300x200.jpg 300w, http:\/\/wimed.info\/beta3\/wp-content\/uploads\/2023\/04\/DSC_3737-768x513.jpg 768w, http:\/\/wimed.info\/beta3\/wp-content\/uploads\/2023\/04\/DSC_3737-1536x1025.jpg 1536w, http:\/\/wimed.info\/beta3\/wp-content\/uploads\/2023\/04\/DSC_3737-2048x1367.jpg 2048w, http:\/\/wimed.info\/beta3\/wp-content\/uploads\/2023\/04\/DSC_3737-90x60.jpg 90w\" sizes=\"auto, (max-width: 1024px) 100vw, 1024px\" \/><\/figure>\n\n\n\n<p>W naszym ogrodzie znajdziesz pi\u0119kn\u0105 fontann\u0119 oraz altanki, w kt\u00f3rych mo\u017cesz&nbsp;odpocz\u0105\u0107 i cieszy\u0107 si\u0119 \u015bwie\u017cym powietrzem. Na grillu mo\u017cesz przygotowa\u0107 smaczne&nbsp;posi\u0142ki dla siebie i swoich bliskich.<\/p>\n\n\n\n<p>Dodatkowo, mamy do zaoferowania pokoje dwuosobowe z \u0142azienkami, w kt\u00f3rych&nbsp;poczujesz si\u0119 jak w domu. <\/p>\n\n\n\n<p>Nasza profesjonalna rehabilitacja, terapia zaj\u0119ciowa , opieka zdrowotna pomo\u017ce Ci utrzyma\u0107&nbsp;kondycj\u0119 i zachowa\u0107 sprawno\u015b\u0107. Nie zapomnij tak\u017ce o naszej cotygodniowej mszy,&nbsp;kt\u00f3ra odbywa si\u0119 w naszyj kaplicy.&nbsp;<\/p>\n\n\n\n<p>Przyjd\u017a do nas i do\u0142\u0105cz do naszej rodziny!<\/p>\n\n\n\n<pre class=\"wp-block-code\"><code><\/code><\/pre>\n\n\n\n<ul class=\"wp-block-social-links is-layout-flex wp-block-social-links-is-layout-flex\"><li class=\"wp-social-link wp-social-link-facebook  wp-block-social-link\"><a href=\"https:\/\/www.facebook.com\/dssskepe\" class=\"wp-block-social-link-anchor\"><svg width=\"24\" height=\"24\" viewBox=\"0 0 24 24\" version=\"1.1\" xmlns=\"http:\/\/www.w3.org\/2000\/svg\" aria-hidden=\"true\" focusable=\"false\"><path d=\"M12 2C6.5 2 2 6.5 2 12c0 5 3.7 9.1 8.4 9.9v-7H7.9V12h2.5V9.8c0-2.5 1.5-3.9 3.8-3.9 1.1 0 2.2.2 2.2.2v2.5h-1.3c-1.2 0-1.6.8-1.6 1.6V12h2.8l-.4 2.9h-2.3v7C18.3 21.1 22 17 22 12c0-5.5-4.5-10-10-10z\"><\/path><\/svg><span class=\"wp-block-social-link-label screen-reader-text\">Facebook<\/span><\/a><\/li><\/ul>\n","protected":false},"excerpt":{"rendered":"<p>Informacje na temat przyj\u0119\u0107 mo\u017cna uzyska\u0107 pod nr telefonu 605 720 806, lub w siedzibie o\u015brodka, ul. Warszawska 2, 87-630 Sk\u0119pe Dom Spokojnej Staro\u015bci idealne miejsce dla senior\u00f3w! Zapraszamy do naszego ca\u0142odobowego domu spokojnej staro\u015bci, kt\u00f3ry zosta\u0142 stworzony z my\u015bl\u0105 o&nbsp;zapewnieniu bezpiecze\u0144stwa i komfortu seniorom. Nasza plac\u00f3wka oferuje wiele&nbsp;udogodnie\u0144, kt\u00f3re pozwol\u0105 Ci cieszy\u0107 si\u0119 spokojnym &hellip; <\/p>\n","protected":false},"author":1,"featured_media":0,"parent":0,"menu_order":0,"comment_status":"closed","ping_status":"closed","template":"","meta":{"footnotes":""},"class_list":["post-17","page","type-page","status-publish","hentry"],"_links":{"self":[{"href":"http:\/\/wimed.info\/beta3\/wp-json\/wp\/v2\/pages\/17","targetHints":{"allow":["GET"]}}],"collection":[{"href":"http:\/\/wimed.info\/beta3\/wp-json\/wp\/v2\/pages"}],"about":[{"href":"http:\/\/wimed.info\/beta3\/wp-json\/wp\/v2\/types\/page"}],"author":[{"embeddable":true,"href":"http:\/\/wimed.info\/beta3\/wp-json\/wp\/v2\/users\/1"}],"replies":[{"embeddable":true,"href":"http:\/\/wimed.info\/beta3\/wp-json\/wp\/v2\/comments?post=17"}],"version-history":[{"count":10,"href":"http:\/\/wimed.info\/beta3\/wp-json\/wp\/v2\/pages\/17\/revisions"}],"predecessor-version":[{"id":533,"href":"http:\/\/wimed.info\/beta3\/wp-json\/wp\/v2\/pages\/17\/revisions\/533"}],"wp:attachment":[{"href":"http:\/\/wimed.info\/beta3\/wp-json\/wp\/v2\/media?parent=17"}],"curies":[{"name":"wp","href":"https:\/\/api.w.org\/{rel}","templated":true}]}}