{"id":167,"date":"2022-12-08T14:34:43","date_gmt":"2022-12-08T13:34:43","guid":{"rendered":"http:\/\/wimed.info\/beta3\/?page_id=167"},"modified":"2022-12-13T09:54:47","modified_gmt":"2022-12-13T08:54:47","slug":"poradnia-ginekologiczno-poloznicza","status":"publish","type":"page","link":"http:\/\/wimed.info\/beta3\/poradnia-ginekologiczno-poloznicza\/","title":{"rendered":"Poradnia ginekologiczno po\u0142o\u017cnicza"},"content":{"rendered":"\n<p>tel. 54 288 68 10 \/ 54 288 68 11<br>do poradnie nie jest wymagane skierowanie.<\/p>\n\n\n\n<p><strong>Ginekologia<\/strong>\u00a0\u2013 dziedzina\u00a0medycyny\u00a0zajmuj\u0105ca si\u0119\u00a0profilaktyk\u0105\u00a0i leczeniem\u00a0chor\u00f3b\u00a0\u017ce\u0144skiego uk\u0142adu p\u0142ciowego. Najcz\u0119stsze problemy, jakimi zajmuj\u0105 si\u0119 ginekolodzy, to:\u00a0zaburzenia miesi\u0105czkowania, stany zapalne\u00a0pochwy,\u00a0antykoncepcja,\u00a0niep\u0142odno\u015b\u0107,\u00a0nowotwory\u00a0narz\u0105d\u00f3w rodnych. \u015aci\u015ble zwi\u0105zana z\u00a0po\u0142o\u017cnictwem. Opieka na kobiet\u0105 ci\u0119\u017carn\u0105 i w okresie po\u0142ogu.<\/p>\n","protected":false},"excerpt":{"rendered":"<p>tel. 54 288 68 10 \/ 54 288 68 11do poradnie nie jest wymagane skierowanie. Ginekologia\u00a0\u2013 dziedzina\u00a0medycyny\u00a0zajmuj\u0105ca si\u0119\u00a0profilaktyk\u0105\u00a0i leczeniem\u00a0chor\u00f3b\u00a0\u017ce\u0144skiego uk\u0142adu p\u0142ciowego. Najcz\u0119stsze problemy, jakimi zajmuj\u0105 si\u0119 ginekolodzy, to:\u00a0zaburzenia miesi\u0105czkowania, stany zapalne\u00a0pochwy,\u00a0antykoncepcja,\u00a0niep\u0142odno\u015b\u0107,\u00a0nowotwory\u00a0narz\u0105d\u00f3w rodnych. \u015aci\u015ble zwi\u0105zana z\u00a0po\u0142o\u017cnictwem. Opieka na kobiet\u0105 ci\u0119\u017carn\u0105 i w okresie po\u0142ogu.<\/p>\n","protected":false},"author":1,"featured_media":0,"parent":0,"menu_order":0,"comment_status":"closed","ping_status":"closed","template":"","meta":{"footnotes":""},"class_list":["post-167","page","type-page","status-publish","hentry"],"_links":{"self":[{"href":"http:\/\/wimed.info\/beta3\/wp-json\/wp\/v2\/pages\/167","targetHints":{"allow":["GET"]}}],"collection":[{"href":"http:\/\/wimed.info\/beta3\/wp-json\/wp\/v2\/pages"}],"about":[{"href":"http:\/\/wimed.info\/beta3\/wp-json\/wp\/v2\/types\/page"}],"author":[{"embeddable":true,"href":"http:\/\/wimed.info\/beta3\/wp-json\/wp\/v2\/users\/1"}],"replies":[{"embeddable":true,"href":"http:\/\/wimed.info\/beta3\/wp-json\/wp\/v2\/comments?post=167"}],"version-history":[{"count":3,"href":"http:\/\/wimed.info\/beta3\/wp-json\/wp\/v2\/pages\/167\/revisions"}],"predecessor-version":[{"id":294,"href":"http:\/\/wimed.info\/beta3\/wp-json\/wp\/v2\/pages\/167\/revisions\/294"}],"wp:attachment":[{"href":"http:\/\/wimed.info\/beta3\/wp-json\/wp\/v2\/media?parent=167"}],"curies":[{"name":"wp","href":"https:\/\/api.w.org\/{rel}","templated":true}]}}