{"id":163,"date":"2022-12-08T14:33:58","date_gmt":"2022-12-08T13:33:58","guid":{"rendered":"http:\/\/wimed.info\/beta3\/?page_id=163"},"modified":"2022-12-13T09:51:42","modified_gmt":"2022-12-13T08:51:42","slug":"poradnia-urologiczna","status":"publish","type":"page","link":"http:\/\/wimed.info\/beta3\/poradnia-urologiczna\/","title":{"rendered":"Poradnia urologiczna"},"content":{"rendered":"\n<p>tel. 54 288 68 10 \/ 54 288 68 11<br>do poradni wymagane jest skierowanie<\/p>\n\n\n\n<p>Porady lekarskie z zakresu urologii obejmuj\u0105ce nast\u0119puj\u0105ce schorzenia:<br>\u2013 Kamica dr\u00f3g moczowych<br>\u2013 Stany zapalne dr\u00f3g moczowych<br>&#8211; Przerost gruczo\u0142u krokowego<br>\u2013 Nowotwory prostaty, nerek, p\u0119cherza moczowego<br>\u2013 Pe\u0142na diagnostyka obrazowa USG: dr\u00f3g moczowych, prostaty<br>\u2013 Zaburzenia potencji u m\u0119\u017cczyzn<\/p>\n","protected":false},"excerpt":{"rendered":"<p>tel. 54 288 68 10 \/ 54 288 68 11do poradni wymagane jest skierowanie Porady lekarskie z zakresu urologii obejmuj\u0105ce nast\u0119puj\u0105ce schorzenia:\u2013 Kamica dr\u00f3g moczowych\u2013 Stany zapalne dr\u00f3g moczowych&#8211; Przerost gruczo\u0142u krokowego\u2013 Nowotwory prostaty, nerek, p\u0119cherza moczowego\u2013 Pe\u0142na diagnostyka obrazowa USG: dr\u00f3g moczowych, prostaty\u2013 Zaburzenia potencji u m\u0119\u017cczyzn<\/p>\n","protected":false},"author":1,"featured_media":0,"parent":0,"menu_order":0,"comment_status":"closed","ping_status":"closed","template":"","meta":{"footnotes":""},"class_list":["post-163","page","type-page","status-publish","hentry"],"_links":{"self":[{"href":"http:\/\/wimed.info\/beta3\/wp-json\/wp\/v2\/pages\/163","targetHints":{"allow":["GET"]}}],"collection":[{"href":"http:\/\/wimed.info\/beta3\/wp-json\/wp\/v2\/pages"}],"about":[{"href":"http:\/\/wimed.info\/beta3\/wp-json\/wp\/v2\/types\/page"}],"author":[{"embeddable":true,"href":"http:\/\/wimed.info\/beta3\/wp-json\/wp\/v2\/users\/1"}],"replies":[{"embeddable":true,"href":"http:\/\/wimed.info\/beta3\/wp-json\/wp\/v2\/comments?post=163"}],"version-history":[{"count":3,"href":"http:\/\/wimed.info\/beta3\/wp-json\/wp\/v2\/pages\/163\/revisions"}],"predecessor-version":[{"id":291,"href":"http:\/\/wimed.info\/beta3\/wp-json\/wp\/v2\/pages\/163\/revisions\/291"}],"wp:attachment":[{"href":"http:\/\/wimed.info\/beta3\/wp-json\/wp\/v2\/media?parent=163"}],"curies":[{"name":"wp","href":"https:\/\/api.w.org\/{rel}","templated":true}]}}