{"id":16,"date":"2022-11-30T15:32:25","date_gmt":"2022-11-30T14:32:25","guid":{"rendered":"http:\/\/wimed.info\/beta3\/?page_id=16"},"modified":"2022-12-09T13:57:32","modified_gmt":"2022-12-09T12:57:32","slug":"opieka-paliatywna","status":"publish","type":"page","link":"http:\/\/wimed.info\/beta3\/opieka-paliatywna\/","title":{"rendered":"Opieka Paliatywna"},"content":{"rendered":"\n<p><strong>HOSPICJUM STACJONARNE<\/strong><\/p>\n\n\n\n<p>Nie zawsze wyb\u00f3r hospicjum domowego jest mo\u017cliwy. Nie dla ka\u017cdego chorego b\u0119dzie to te\u017c odpowiednia forma opieki. Hospicjum stacjonarne mo\u017cna rozwa\u017cy\u0107, gdy:\u00a0\u2013 rodzina lub bliscy i przyjaciele nie maj\u0105 mo\u017cliwo\u015bci, by otoczy\u0107 chorego codzienn\u0105, ca\u0142odobow\u0105 opiek\u0105;- chory jest podopiecznym domu opieki spo\u0142ecznej lub innych instytucji;- b\u00f3l, inne objawy czy trudno\u015bci w oddychaniu lub przyjmowaniu pokarmu s\u0105 tak du\u017ce, \u017ce w opiece domowej trudno sobie z nimi poradzi\u0107.\u00a0Hospicja stacjonarne to cz\u0119sto budynki wolnostoj\u0105ce z tarasem lub dost\u0119pem do ogrodu, w wielu z nich pokoje nie s\u0105 numerowane, dla pacjent\u00f3w chodz\u0105cych czy je\u017cd\u017c\u0105cych na w\u00f3zkach oraz ich bliskich dost\u0119pna jest kuchnia b\u0105d\u017a inne pomieszczenie socjalne, z kt\u00f3rego mo\u017cna skorzysta\u0107. W niekt\u00f3rych hospicjach s\u0105 tak\u017ce \u015bwietlice lub inne pomieszczenia, w kt\u00f3rych chorzy mog\u0105 si\u0119 spotka\u0107 lub uczestniczy\u0107 w terapiach zaj\u0119ciowych. W takim miejscu zwykle mo\u017cna zostawi\u0107 dzieci, je\u015bli ich opiekunowie nie chc\u0105 zabra\u0107 ich bezpo\u015brednio do sali chorego.\u00a0Bliscy mog\u0105 odwiedza\u0107 chorego w dowolnych godzinach i pozostawa\u0107 przy nim tak d\u0142ugo, jak chc\u0105.\u00a0\u00a0Czy hospicjum domowe to dla mnie\/mojego bliskiego dobry wyb\u00f3r?\u00a0Decyduj\u0105c o wyborze domowej opieki hospicyjnej dla siebie albo Twojego bliskiego, odpowiedz na poni\u017csze pytania:\u00a0Jak wa\u017cne dla chorego jest przebywanie w domu w\u015br\u00f3d rodziny i przyjaci\u00f3\u0142? Czy rodzina chorego lub jego przyjaciele maj\u0105 mo\u017cliwo\u015bci, by w warunkach domowych zaj\u0105\u0107 si\u0119 chorym, bior\u0105c pod uwag\u0119, \u017ce b\u0119dzie potrzebna pomoc przez ca\u0142y dzie\u0144, codziennie? Czy cz\u0142onkowie rodziny chorego akceptuj\u0105 fakt, \u017ce b\u0119d\u0105 musieli zaopiekowa\u0107 si\u0119 chorym w warunkach domowych, podaj\u0105c mu lekarstwa, pomagaj\u0105c w poruszaniu si\u0119, korzystaniu z toalety, czynno\u015bciach higienicznych, podawaniu posi\u0142k\u00f3w i napoj\u00f3w? Czy s\u0105 na tyle silni, by ud\u017awign\u0105\u0107 to wyzwanie? Czy mieszkanie\/dom jest takim miejscem, kt\u00f3re mo\u017cna dostosowa\u0107 do potrzeb chorego, np. Czy jest wystarczaj\u0105co du\u017co miejsca na wstawienie \u0142\u00f3\u017cka szpitalnego czy w\u00f3zka inwalidzkiego, je\u015bli b\u0119dzie to konieczne? Czy opanowanie objaw\u00f3w, takich jak b\u00f3l, trudno\u015bci w oddychaniu i prze\u0142ykaniu lub innych mo\u017cliwe jest w warunkach hospicjum domowego? Podj\u0119cie decyzji o wyborze sposobu opieki hospicyjnej musi wi\u0105za\u0107 si\u0119 ze szczer\u0105 rozmow\u0105 z chorym, je\u015bli mo\u017ce on w niej uczestniczy\u0107. Z pewno\u015bci\u0105 nale\u017cy r\u00f3wnie\u017c tak\u0105 rozmow\u0119 przeprowadzi\u0107 w gronie rodziny i bliskich chorego. Warto ten temat dog\u0142\u0119bnie przemy\u015ble\u0107, nie czekaj\u0105c jednak do ostatniej chwili.<\/p>\n\n\n\n<p>Na ka\u017cdym etapie zaawansowania choroby warto z chorym rozmawia\u0107 o dost\u0119pnych dla niego mo\u017cliwo\u015bciach leczenia, r\u00f3wnie\u017c w ramach opieki paliatywno-hospicyjnej. Wielu pacjent\u00f3w zbyt p\u00f3\u017ano tra\ufb01a z leczenia szpitalnego do opieki paliatywno-hospicyjnej, opieki d\u0142ugoterminowej lub do w\u0142asnego domu. Dzieje si\u0119 tak z powodu niedostatecznej wsp\u00f3\u0142pracy szpitali z hospicjami i innymi zak\u0142adami opieki d\u0142ugoterminowej, a cz\u0119sto r\u00f3wnie\u017c z powodu nalegania rodziny na kontynuowanie opieki szpitalnej, mimo jej znikomych skutk\u00f3w. Cz\u0119sto jest to decyzja samego pacjenta, pr\u00f3buj\u0105cego walczy\u0107 pomimo braku zadowalaj\u0105cych rezultat\u00f3w, w sytuacji gdy ju\u017c nie mo\u017cna \u017cywi\u0107 \u017cadnych nadziei na wyleczenie, a opieka paliatywna staje si\u0119 konieczna. Wielu chorych nie czuje si\u0119 dobrze z my\u015bl\u0105 o zarzuceniu wszystkich wysi\u0142k\u00f3w zmierzaj\u0105cych do wyleczenia. Jest to zupe\u0142nie zrozumia\u0142e. Trzeba mie\u0107 wielk\u0105 odwag\u0119, by walczy\u0107 z nieuleczaln\u0105 chorob\u0105, trzeba j\u0105 jednak r\u00f3wnie\u017c znale\u017a\u0107 w sobie, by wiedzie\u0107, kiedy przerwa\u0107 nieskuteczne i wyczerpuj\u0105ce leczenie.<\/p>\n\n\n\n<p>Warto pami\u0119ta\u0107, \u017ce pozostawanie w szpitalu mo\u017ce narazi\u0107 ci\u0119\u017cko chorego na dodatkowe cierpienia, poniewa\u017c g\u0142\u00f3wnymi celami hospitalizacji jest leczenie, a nie terapia przeciwb\u00f3lowa, opieka paliatywna czy zapewnienie komfortu. Cz\u0119sto tak\u017ce rodzina i bliscy chorego s\u0105 krytycznie nastawieni do instytucji hospicjum, uporczywie \u201eza\u0142atwiaj\u0105c\u201d miejsca w szpitalach i klinikach. Niejednokrotnie jest to wyraz nadziei dla bliskich, ale niestety nie pomaga choremu, nara\u017caj\u0105c go na samotno\u015b\u0107 i niepotrzebny b\u00f3l. W terminalnym etapie choroby wskazana jest zmiana miejsca i sposobu opieki. Instytucjonalna i domowa opieka zapewniaj\u0105ca opiek\u0119 paliatywn\u0105 proponuj\u0105 terapi\u0119 przeciwb\u00f3low\u0105 oraz trosk\u0119 o emocjonalne, duchowe i religijne potrzeby pacjenta i jego otoczenia.<\/p>\n\n\n\n<p><strong>PAMI\u0118TAJ!<\/strong><br>Opieka hospicyjna jest najbardziej efektywna, je\u015bli decyzj\u0119 o niej podejmie si\u0119 mo\u017cliwie szybko: umo\u017cliwia w\u00f3wczas uzyskanie odpowiedniej kontroli b\u00f3lu i zbudowanie relacji pe\u0142nych zaufania mi\u0119dzy chorym, jego rodzin\u0105 i zespo\u0142em opieku\u0144czym.<\/p>\n","protected":false},"excerpt":{"rendered":"<p>HOSPICJUM STACJONARNE Nie zawsze wyb\u00f3r hospicjum domowego jest mo\u017cliwy. Nie dla ka\u017cdego chorego b\u0119dzie to te\u017c odpowiednia forma opieki. Hospicjum stacjonarne mo\u017cna rozwa\u017cy\u0107, gdy:\u00a0\u2013 rodzina lub bliscy i przyjaciele nie maj\u0105 mo\u017cliwo\u015bci, by otoczy\u0107 chorego codzienn\u0105, ca\u0142odobow\u0105 opiek\u0105;- chory jest podopiecznym domu opieki spo\u0142ecznej lub innych instytucji;- b\u00f3l, inne objawy czy trudno\u015bci w oddychaniu lub &hellip; <\/p>\n","protected":false},"author":1,"featured_media":0,"parent":0,"menu_order":0,"comment_status":"closed","ping_status":"closed","template":"","meta":{"footnotes":""},"class_list":["post-16","page","type-page","status-publish","hentry"],"_links":{"self":[{"href":"http:\/\/wimed.info\/beta3\/wp-json\/wp\/v2\/pages\/16","targetHints":{"allow":["GET"]}}],"collection":[{"href":"http:\/\/wimed.info\/beta3\/wp-json\/wp\/v2\/pages"}],"about":[{"href":"http:\/\/wimed.info\/beta3\/wp-json\/wp\/v2\/types\/page"}],"author":[{"embeddable":true,"href":"http:\/\/wimed.info\/beta3\/wp-json\/wp\/v2\/users\/1"}],"replies":[{"embeddable":true,"href":"http:\/\/wimed.info\/beta3\/wp-json\/wp\/v2\/comments?post=16"}],"version-history":[{"count":3,"href":"http:\/\/wimed.info\/beta3\/wp-json\/wp\/v2\/pages\/16\/revisions"}],"predecessor-version":[{"id":180,"href":"http:\/\/wimed.info\/beta3\/wp-json\/wp\/v2\/pages\/16\/revisions\/180"}],"wp:attachment":[{"href":"http:\/\/wimed.info\/beta3\/wp-json\/wp\/v2\/media?parent=16"}],"curies":[{"name":"wp","href":"https:\/\/api.w.org\/{rel}","templated":true}]}}