{"id":14,"date":"2022-11-30T15:32:25","date_gmt":"2022-11-30T14:32:25","guid":{"rendered":"http:\/\/wimed.info\/beta3\/?page_id=14"},"modified":"2022-12-13T10:06:41","modified_gmt":"2022-12-13T09:06:41","slug":"rehabilitacja","status":"publish","type":"page","link":"http:\/\/wimed.info\/beta3\/rehabilitacja\/","title":{"rendered":"Rehabilitacja"},"content":{"rendered":"\n<p>\u015awiadczenia gwarantowane z zakresu rehabilitacji leczniczej s\u0105 realizowane w warunkach ambulatoryjnych, w warunkach o\u015brodka lub oddzia\u0142u dziennego.<\/p>\n\n\n\n<p>Do \u015bwiadcze\u0144 rehabilitacji leczniczej wymagane\u00a0 jest skierowanie lekarza ubezpieczenia zdrowotnego. Skierowanie obowi\u0105zuje do wszystkich zakres\u00f3w rehabilitacji, w tym do lekarza rehabilitacji leczniczej, tj. do lekarskiej ambulatoryjnej opieki rehabilitacyjnej).<\/p>\n\n\n\n<h3 class=\"wp-block-heading\">Rehabilitacja w warunkach ambulatoryjnych<\/h3>\n\n\n\n<p>Skierowanie do poradni rehabilitacyjnej oraz na zabiegi fizjoterapeutyczne mo\u017ce wystawi\u0107&nbsp;<strong>ka\u017cdy lekarz ubezpieczenia zdrowotnego<\/strong>.<br><strong>W przypadku wady postawy<\/strong>&nbsp;kwalifikuj\u0105cej si\u0119 do rehabilitacji leczniczej narz\u0105du ruchu, skierowanie na zabiegi wystawia, w ramach umowy z NFZ:<\/p>\n\n\n\n<ul class=\"wp-block-list\">\n<li>lekarz specjalista: rehabilitacji og\u00f3lnej, rehabilitacji medycznej lub rehabilitacji w chorobach narz\u0105du ruchu lub chirurgii ortopedycznej, lub chirurgii og\u00f3lnej, lub chirurgii urazowo-ortopedycznej, lub ortopedii i&nbsp; traumatologii, lub ortopedii i traumatologii narz\u0105du ruchu;<\/li>\n\n\n\n<li>lekarz ze specjalizacj\u0105 I stopnia: odpowiednio j.w.;<\/li>\n\n\n\n<li>lekarz w trakcie specjalizacji z rehabilitacji medycznej lub ortopedii i traumatologii narz\u0105du ruchu;<br>W przypadku dzieci &#8211; skierowania wystawiaj\u0105 odpowiednio lekarze specjali\u015bci dzieci\u0119cy.<\/li>\n<\/ul>\n\n\n\n<p><strong>Skierowanie na zabiegi fizjoterapii, tak\u017ce w warunkach domowych, nale\u017cy zarejestrowa\u0107 w ci\u0105gu 30 dni od daty wystawienia, inaczej traci ono wa\u017cno\u015b\u0107. Fizjoterapia ambulatoryjna odbywa si\u0119 w cyklu terapeutycznym do 10 dni zabiegowych; pacjent otrzymuje nie wi\u0119cej ni\u017c 5 zabieg\u00f3w dziennie.<\/strong><br><br>Usprawnianie dzieci z uszkodzeniem o\u015brodkowego uk\u0142adu nerwowego do uko\u0144czenia 18. roku \u017cycia, w formie ambulatoryjnej (w gabinecie, zak\u0142adzie rehabilitacji\/ fizjoterapii) mo\u017ce si\u0119 odbywa\u0107 na podstawie jednego w roku kalendarzowym skierowania z poradni specjalistycznej. Zlecony w skierowaniu cykl terapeutyczny nie mo\u017ce przekroczy\u0107 120 dni zabiegowych i 5 zabieg\u00f3w dziennie.<\/p>\n\n\n\n<p><strong>Rehabilitacja dzieci z zaburzeniami wieku rozwojowego<\/strong><\/p>\n\n\n\n<p>Trwa do 120 dni zabiegowych w roku kalendarzowym. W przypadku uzasadnionym wzgl\u0119dami medycznymi i konieczno\u015bci\u0105 osi\u0105gni\u0119cia celu leczniczego, rehabilitacja mo\u017ce zosta\u0107 przed\u0142u\u017cona decyzj\u0105 lekarza prowadz\u0105cego, za pisemn\u0105 zgod\u0105 dyrektora w\u0142a\u015bciwego oddzia\u0142u NFZ. Rehabilitacja przeznaczona jest dla dzieci z zaburzeniami wieku rozwojowego do 7 roku \u017cycia oraz od 8-18 r.\u017c, a po przedstawieniu orzeczenia o potrzebie kszta\u0142cenia specjalnego lub orzeczenia o potrzebie zaj\u0119\u0107 rewalidacyjno-wychowawczych (dotycz\u0105cych upo\u015bledzonych w stopniu g\u0142\u0119bokim) &#8211; do uko\u0144czenia 25. roku \u017cycia.<br>Skierowanie wystawia:<\/p>\n\n\n\n<ul class=\"wp-block-list\">\n<li>lekarz z oddzia\u0142u lub poradni: neonatologii, rehabilitacji, ortopedii i traumatologii narz\u0105du ruchu, neurologii, reumatologii, chirurgii dzieci\u0119cej, endokrynologii dzieci\u0119cej, diabetologii dzieci\u0119cej<\/li>\n\n\n\n<li>lekarz POZ<\/li>\n<\/ul>\n","protected":false},"excerpt":{"rendered":"<p>\u015awiadczenia gwarantowane z zakresu rehabilitacji leczniczej s\u0105 realizowane w warunkach ambulatoryjnych, w warunkach o\u015brodka lub oddzia\u0142u dziennego. Do \u015bwiadcze\u0144 rehabilitacji leczniczej wymagane\u00a0 jest skierowanie lekarza ubezpieczenia zdrowotnego. Skierowanie obowi\u0105zuje do wszystkich zakres\u00f3w rehabilitacji, w tym do lekarza rehabilitacji leczniczej, tj. do lekarskiej ambulatoryjnej opieki rehabilitacyjnej). Rehabilitacja w warunkach ambulatoryjnych Skierowanie do poradni rehabilitacyjnej oraz na &hellip; <\/p>\n","protected":false},"author":1,"featured_media":0,"parent":0,"menu_order":0,"comment_status":"closed","ping_status":"closed","template":"","meta":{"footnotes":""},"class_list":["post-14","page","type-page","status-publish","hentry"],"_links":{"self":[{"href":"http:\/\/wimed.info\/beta3\/wp-json\/wp\/v2\/pages\/14","targetHints":{"allow":["GET"]}}],"collection":[{"href":"http:\/\/wimed.info\/beta3\/wp-json\/wp\/v2\/pages"}],"about":[{"href":"http:\/\/wimed.info\/beta3\/wp-json\/wp\/v2\/types\/page"}],"author":[{"embeddable":true,"href":"http:\/\/wimed.info\/beta3\/wp-json\/wp\/v2\/users\/1"}],"replies":[{"embeddable":true,"href":"http:\/\/wimed.info\/beta3\/wp-json\/wp\/v2\/comments?post=14"}],"version-history":[{"count":2,"href":"http:\/\/wimed.info\/beta3\/wp-json\/wp\/v2\/pages\/14\/revisions"}],"predecessor-version":[{"id":302,"href":"http:\/\/wimed.info\/beta3\/wp-json\/wp\/v2\/pages\/14\/revisions\/302"}],"wp:attachment":[{"href":"http:\/\/wimed.info\/beta3\/wp-json\/wp\/v2\/media?parent=14"}],"curies":[{"name":"wp","href":"https:\/\/api.w.org\/{rel}","templated":true}]}}