{"id":113,"date":"2022-12-02T13:34:43","date_gmt":"2022-12-02T12:34:43","guid":{"rendered":"http:\/\/wimed.info\/beta3\/?page_id=113"},"modified":"2022-12-13T10:59:41","modified_gmt":"2022-12-13T09:59:41","slug":"poz-lipno","status":"publish","type":"page","link":"http:\/\/wimed.info\/beta3\/poz-lipno\/","title":{"rendered":"Przychodnia w Lipnie"},"content":{"rendered":"\n<p>ul. D\u0119bowa 21, 87-600 Lipno  (g\u0142\u00f3wne wej\u015bcie do przychodni znajduje si\u0119 od ulicy Dobrzy\u0144skiej 23)<\/p>\n\n\n\n<p>tel. 54 288 68 10 lub 54 288 68 11 e-mail:&nbsp;<a href=\"mailto:wimed@list.pl\">wimed@list.pl<\/a><\/p>\n\n\n\n<p>Poradnia czynna od poniedzia\u0142ku do soboty od 8.00 do 18.00<\/p>\n\n\n\n<div class=\"wp-block-columns is-layout-flex wp-container-core-columns-is-layout-9d6595d7 wp-block-columns-is-layout-flex\">\n<div class=\"wp-block-column is-layout-flow wp-block-column-is-layout-flow\">\n<p><strong>Opieka lekarzy pierwszego kontaktu:<\/strong><\/p>\n\n\n\n<p>\u2013 poradnia dla dzieci<br>\u2013 poradnia dla doros\u0142ych<\/p>\n\n\n\n<p><strong>Gabinet Zabiegowy<\/strong><\/p>\n\n\n\n<p>\u2013 badania EKG<br>\u2013 pomiar ci\u015bnienia t\u0119tniczego<br>\u2013 iniekcje domi\u0119\u015bniowe, do\u017cylne podsk\u00f3rne<br>\u2013 edukacja prozdrowotna<br>\u2013 oznaczanie poziomu cukru we krwi<\/p>\n<\/div>\n\n\n\n<div class=\"wp-block-column is-layout-flow wp-block-column-is-layout-flow\">\n<p><strong>Punkt Szczepie\u0144<\/strong><\/p>\n\n\n\n<p>\u2013 szczepienia wg kalendarza szczepie\u0144<br>\u2013 szczepienia przeciwko WZW przed zabiegami<br>\u2013 szczepienia pracownik\u00f3w ochrony zdrowia<\/p>\n\n\n\n<figure class=\"wp-block-image size-full\"><img loading=\"lazy\" decoding=\"async\" width=\"480\" height=\"360\" src=\"http:\/\/wimed.info\/beta3\/wp-content\/uploads\/2022\/12\/Wimed-Lipnorejestracja-2.jpg\" alt=\"\" class=\"wp-image-119\" srcset=\"http:\/\/wimed.info\/beta3\/wp-content\/uploads\/2022\/12\/Wimed-Lipnorejestracja-2.jpg 480w, http:\/\/wimed.info\/beta3\/wp-content\/uploads\/2022\/12\/Wimed-Lipnorejestracja-2-300x225.jpg 300w, http:\/\/wimed.info\/beta3\/wp-content\/uploads\/2022\/12\/Wimed-Lipnorejestracja-2-80x60.jpg 80w\" sizes=\"auto, (max-width: 480px) 100vw, 480px\" \/><\/figure>\n<\/div>\n<\/div>\n\n\n\n<p><strong>PROWADZIMY ZAPISY DO LEKARZA RODZINNEGO<\/strong><br>(deklaracje pacjent\u00f3w zapisanych wcze\u015bniej do NZOZ \u201cWIMED\u201d nadal s\u0105 aktualne)<\/p>\n\n\n\n<p><strong>Informujemy, \u017ce ka\u017cda osoba ma prawo do wyboru i zmiany lekarza rodzinnego.<\/strong><\/p>\n\n\n\n<p>Do zapisu potrzebny jest tylko PESEL i dow\u00f3d ubezpieczenia je\u017celi w systemie EWU\u015a brak potwierdzenia ubezpieczenia (legitymacja ubezpieczeniowa lub odcinek renty, emerytury). Deklaracja drukowana jest po wprowadzeniu danych do systemu, pacjent tylko podpisuje.<\/p>\n","protected":false},"excerpt":{"rendered":"<p>ul. D\u0119bowa 21, 87-600 Lipno (g\u0142\u00f3wne wej\u015bcie do przychodni znajduje si\u0119 od ulicy Dobrzy\u0144skiej 23) tel. 54 288 68 10 lub 54 288 68 11 e-mail:&nbsp;wimed@list.pl Poradnia czynna od poniedzia\u0142ku do soboty od 8.00 do 18.00 Opieka lekarzy pierwszego kontaktu: \u2013 poradnia dla dzieci\u2013 poradnia dla doros\u0142ych Gabinet Zabiegowy \u2013 badania EKG\u2013 pomiar ci\u015bnienia t\u0119tniczego\u2013 &hellip; <\/p>\n","protected":false},"author":1,"featured_media":0,"parent":0,"menu_order":0,"comment_status":"closed","ping_status":"closed","template":"","meta":{"footnotes":""},"class_list":["post-113","page","type-page","status-publish","hentry"],"_links":{"self":[{"href":"http:\/\/wimed.info\/beta3\/wp-json\/wp\/v2\/pages\/113","targetHints":{"allow":["GET"]}}],"collection":[{"href":"http:\/\/wimed.info\/beta3\/wp-json\/wp\/v2\/pages"}],"about":[{"href":"http:\/\/wimed.info\/beta3\/wp-json\/wp\/v2\/types\/page"}],"author":[{"embeddable":true,"href":"http:\/\/wimed.info\/beta3\/wp-json\/wp\/v2\/users\/1"}],"replies":[{"embeddable":true,"href":"http:\/\/wimed.info\/beta3\/wp-json\/wp\/v2\/comments?post=113"}],"version-history":[{"count":7,"href":"http:\/\/wimed.info\/beta3\/wp-json\/wp\/v2\/pages\/113\/revisions"}],"predecessor-version":[{"id":338,"href":"http:\/\/wimed.info\/beta3\/wp-json\/wp\/v2\/pages\/113\/revisions\/338"}],"wp:attachment":[{"href":"http:\/\/wimed.info\/beta3\/wp-json\/wp\/v2\/media?parent=113"}],"curies":[{"name":"wp","href":"https:\/\/api.w.org\/{rel}","templated":true}]}}